{"id":2233,"date":"2025-06-19T12:32:12","date_gmt":"2025-06-19T12:32:12","guid":{"rendered":"https:\/\/miamind.d4design.dev\/privacy-policy\/"},"modified":"2025-09-09T18:44:39","modified_gmt":"2025-09-09T18:44:39","slug":"datenschutz","status":"publish","type":"page","link":"https:\/\/miamind.com\/de\/datenschutz\/","title":{"rendered":"Datenschutz"},"content":{"rendered":"\t\t<div data-elementor-type=\"wp-page\" data-elementor-id=\"2233\" class=\"elementor elementor-2233 elementor-3\" data-elementor-post-type=\"page\">\n\t\t\t\t<div class=\"elementor-element elementor-element-2ba2e5b2 e-flex e-con-boxed e-con e-parent\" data-id=\"2ba2e5b2\" data-element_type=\"container\" data-e-type=\"container\">\n\t\t\t\t\t<div class=\"e-con-inner\">\n\t\t\t\t<div class=\"elementor-element elementor-element-0d8bbb5 elementor-widget elementor-widget-heading\" data-id=\"0d8bbb5\" data-element_type=\"widget\" data-e-type=\"widget\" data-widget_type=\"heading.default\">\n\t\t\t\t<div class=\"elementor-widget-container\">\n\t\t\t\t\t<h1 class=\"elementor-heading-title elementor-size-default\">Datenschutz<\/h1>\t\t\t\t<\/div>\n\t\t\t\t<\/div>\n\t\t\t\t<div class=\"elementor-element elementor-element-6a0a1901 elementor-widget elementor-widget-text-editor\" data-id=\"6a0a1901\" data-element_type=\"widget\" data-e-type=\"widget\" data-widget_type=\"text-editor.default\">\n\t\t\t\t<div class=\"elementor-widget-container\">\n\t\t\t\t\t\t\t\t\t<p>Bottneuro behandelt Ihre Online-Privatsph\u00e4re mit geb\u00fchrender Sorgfalt.<\/p><p><strong>Informationen<\/strong><br \/>Wir sind voll und ganz dem Schutz Ihrer Online-Privatsph\u00e4re verpflichtet. Wir versichern Ihnen, dass sensible Informationen \u00fcber Sie niemals ohne Ihre ausdr\u00fcckliche Genehmigung verwendet werden. Seien Sie sich sicher, dass Sie unsere Online-Formulare und das Bestellsystem auf der Website sicher nutzen k\u00f6nnen und dass keine Daten in Verletzung Ihrer Privatsph\u00e4re ausgenutzt werden.<\/p><p>Bottneuro erhebt nur pers\u00f6nliche und gesch\u00e4ftliche Informationen, um Sie \u00fcber unsere Konferenzen, Veranstaltungen, Produkte und Dienstleistungen zu informieren und um unseren Kunden die Online-Bestellung zu erleichtern.<\/p><p><strong>Daten<\/strong><br \/>Die Arten von Informationen, die wir \u00fcber Sie sammeln k\u00f6nnen, umfassen: Name, Nachname, Adresse, Telefonnummer, E-Mail-Adresse.<\/p><p>Wir garantieren, diese Informationen niemals an Dritte zu verkaufen oder weiterzugeben. Alle Informationen werden sicher im Einklang mit Bottneuros Sicherheitsrichtlinien und dem Gesetz aufbewahrt. Zu jeder Zeit k\u00f6nnen Sie alle Informationen, die wir \u00fcber Sie speichern, durch Kontaktaufnahme mit uns per E-Mail \u00fcberpr\u00fcfen. Wenn Sie Ungenauigkeiten feststellen, werden wir diese sofort l\u00f6schen oder korrigieren. Sie k\u00f6nnen jederzeit die Entfernung aus der Datenbank von Bottneuro beantragen.<\/p><p><strong>Google Analytics<\/strong><br \/>Wir verwenden Google Analytics, um den Zugriff auf und den Verkehr im \u00f6ffentlichen Bereich der Website zu messen und auszuwerten sowie Benutzerberichterstattungen f\u00fcr unsere Site-Administratoren zu erstellen. Wir verwenden keine dieser Informationen, um Besucher oder Nutzer zu identifizieren.<\/p><p>Google operiert unabh\u00e4ngig von uns und hat eine eigene Datenschutzrichtlinie, die wir Ihnen dringend empfehlen, zu \u00fcberpr\u00fcfen. Google kann die durch Google Analytics gesammelten Informationen verwenden, um die Aktivit\u00e4ten der Benutzer und Besucher auf unserer Website zu bewerten. Wir ergreifen Ma\u00dfnahmen, um die technischen Informationen zu sch\u00fctzen, die durch unsere Nutzung von Google Analytics gesammelt werden. Die gesammelten Daten werden nur auf Basis von Bedarf verwendet, um technische Probleme zu l\u00f6sen, die Website zu verwalten und Besucherpr\u00e4ferenzen zu identifizieren; in diesem Fall werden die Daten jedoch in nicht identifizierbarer Form vorliegen.<\/p><p>Um zu verhindern, dass Sie auf Google Analytics \u00fcber alle Websites hinweg verfolgt werden, besuchen Sie tools.google.com\/dlpage\/gaoptout.<\/p><p><strong>Cookies<\/strong><br \/>Die Website von Bottneuro verwendet Cookies. Cookies sind kleine Textdateien, die von den Websites, die Sie besuchen, auf Ihrem Computer abgelegt werden. Sie werden verwendet, um Websites effizienter zu gestalten und den Eigent\u00fcmern der Site Informationen bereitzustellen.<\/p><p>Wenn Sie Cookies deaktivieren m\u00f6chten, m\u00fcssen Sie die Einstellungen Ihres Webbrowsers \u00e4ndern, um Cookies abzulehnen. Wie dies zu tun ist, h\u00e4ngt vom Browser ab, den Sie verwenden. F\u00fcr weitere Informationen \u00fcber Cookies und deren Deaktivierung besuchen Sie www.allaboutcookies.org.<\/p><p>Seien Sie sich bewusst, dass die Deaktivierung von Cookies (Deaktivieren) dazu f\u00fchren kann, dass diese Website nicht ordnungsgem\u00e4\u00df funktioniert. Wenn Sie Fragen oder Kommentare zu unserer Datenschutzrichtlinie haben, z\u00f6gern Sie bitte nicht, uns zu kontaktieren.<\/p>\t\t\t\t\t\t\t\t<\/div>\n\t\t\t\t<\/div>\n\t\t\t\t\t<\/div>\n\t\t\t\t<\/div>\n\t\t\t\t<\/div>\n\t\t","protected":false},"excerpt":{"rendered":"<p>Bottneuro behandelt Ihre Online-Privatsph\u00e4re mit geb\u00fchrender Sorgfalt. InformationenWir sind voll und ganz dem Schutz Ihrer Online-Privatsph\u00e4re verpflichtet. Wir versichern Ihnen, dass sensible Informationen \u00fcber Sie niemals ohne Ihre ausdr\u00fcckliche Genehmigung verwendet werden. Seien Sie sich sicher, dass Sie unsere Online-Formulare und das Bestellsystem auf der Website sicher nutzen k\u00f6nnen und dass keine Daten in Verletzung [&hellip;]<\/p>\n","protected":false},"author":1,"featured_media":0,"parent":0,"menu_order":0,"comment_status":"closed","ping_status":"open","template":"","meta":{"footnotes":""},"class_list":["post-2233","page","type-page","status-publish","hentry"],"_links":{"self":[{"href":"https:\/\/miamind.com\/de\/wp-json\/wp\/v2\/pages\/2233","targetHints":{"allow":["GET"]}}],"collection":[{"href":"https:\/\/miamind.com\/de\/wp-json\/wp\/v2\/pages"}],"about":[{"href":"https:\/\/miamind.com\/de\/wp-json\/wp\/v2\/types\/page"}],"author":[{"embeddable":true,"href":"https:\/\/miamind.com\/de\/wp-json\/wp\/v2\/users\/1"}],"replies":[{"embeddable":true,"href":"https:\/\/miamind.com\/de\/wp-json\/wp\/v2\/comments?post=2233"}],"version-history":[{"count":0,"href":"https:\/\/miamind.com\/de\/wp-json\/wp\/v2\/pages\/2233\/revisions"}],"wp:attachment":[{"href":"https:\/\/miamind.com\/de\/wp-json\/wp\/v2\/media?parent=2233"}],"curies":[{"name":"wp","href":"https:\/\/api.w.org\/{rel}","templated":true}]}}