{"id":2237,"date":"2025-06-25T12:03:57","date_gmt":"2025-06-25T12:03:57","guid":{"rendered":"https:\/\/miamind.d4design.dev\/kontakt\/"},"modified":"2025-09-09T18:31:41","modified_gmt":"2025-09-09T18:31:41","slug":"kontakt","status":"publish","type":"page","link":"https:\/\/miamind.com\/de\/kontakt\/","title":{"rendered":"Kontakt"},"content":{"rendered":"\t\t<div data-elementor-type=\"wp-page\" data-elementor-id=\"2237\" class=\"elementor elementor-2237 elementor-262\" data-elementor-post-type=\"page\">\n\t\t\t\t<div class=\"elementor-element elementor-element-9036eda e-flex e-con-boxed e-con e-parent\" data-id=\"9036eda\" data-element_type=\"container\" data-e-type=\"container\">\n\t\t\t\t\t<div class=\"e-con-inner\">\n\t\t<div class=\"elementor-element elementor-element-0e42083 e-con-full gray-area-right e-flex e-con e-child\" data-id=\"0e42083\" data-element_type=\"container\" data-e-type=\"container\" data-settings=\"{&quot;background_background&quot;:&quot;classic&quot;}\">\n\t\t<div class=\"elementor-element elementor-element-706a52e e-con-full e-flex e-con e-child\" data-id=\"706a52e\" data-element_type=\"container\" data-e-type=\"container\">\n\t\t\t\t<div class=\"elementor-element elementor-element-a40feba elementor-view-default elementor-widget elementor-widget-icon\" data-id=\"a40feba\" data-element_type=\"widget\" data-e-type=\"widget\" data-widget_type=\"icon.default\">\n\t\t\t\t<div class=\"elementor-widget-container\">\n\t\t\t\t\t\t\t<div class=\"elementor-icon-wrapper\">\n\t\t\t<div class=\"elementor-icon\">\n\t\t\t<svg xmlns=\"http:\/\/www.w3.org\/2000\/svg\" width=\"44\" height=\"33\" viewBox=\"0 0 44 33\" fill=\"none\"><path d=\"M17.4954 0C16.102 0 15.0182 1.17299 15.0182 2.50237V7.9763C15.0182 8.91469 14.2441 9.61848 13.3925 9.61848C12.541 9.61848 11.7668 8.83649 11.7668 7.9763V6.80332C11.7668 5.70853 11.0701 4.69194 9.98634 4.53555C8.51548 4.22275 7.27687 5.31754 7.27687 6.72512V12.5118C7.27687 13.4502 6.50273 14.154 5.65118 14.154C4.79964 14.154 3.87067 13.372 3.87067 12.5118V12.4336C3.87067 11.3389 3.01913 10.4787 1.93534 10.4787C0.851548 10.4787 0 11.3389 0 12.4336V24.3199C0 25.4147 0.851548 26.2749 1.93534 26.2749C3.01913 26.2749 3.87067 25.4147 3.87067 24.3199V18.7678C3.87067 17.8294 4.64481 17.1256 5.49636 17.1256C6.34791 17.1256 7.12204 17.9076 7.12204 18.7678V30.654C7.12204 31.7488 7.81876 32.7654 8.90255 32.9218C10.3734 33.2346 11.612 32.1398 11.612 30.7322V14.3104C11.612 13.372 12.3862 12.6682 13.2377 12.6682C14.0893 12.6682 14.8634 13.4502 14.8634 14.3104V25.8057C14.8634 27.2133 16.0246 28.3081 17.3406 28.3081C18.7341 28.3081 19.8179 27.1351 19.8179 25.8057V2.50237C20.0501 1.17299 18.8889 0 17.4954 0Z\" fill=\"#B37CD3\"><\/path><path d=\"M39.7133 11.8863C39.7133 12.9811 38.9392 13.5285 38.0876 13.5285C37.1586 13.5285 36.4619 12.7465 36.4619 11.8863V7.81992C36.4619 6.64694 35.6104 5.55215 34.4492 5.47395C33.1331 5.39575 32.0494 6.41234 32.0494 7.74172V7.97632C32.0494 8.68011 31.6623 9.3839 30.9656 9.6185C30.3463 9.8531 29.6495 9.6185 29.2625 9.22751C28.9528 8.91471 28.798 8.52371 28.798 8.05452V4.53556C28.798 3.36258 27.869 2.11139 26.7078 1.95499C25.8563 1.7986 25.0821 2.11139 24.5402 2.65879C24.0758 3.12798 23.7661 3.75357 23.7661 4.45736V21.8958C23.7661 23.0687 24.6951 24.3199 25.8563 24.4763C26.7078 24.6327 27.482 24.3199 28.0239 23.7725C28.4883 23.3033 28.7206 22.6777 28.7206 21.9739V14.3104C28.7206 13.5285 29.2625 12.7465 30.0366 12.5901C30.6559 12.5119 31.1978 12.6683 31.5075 13.0593C31.8171 13.3721 31.9719 13.7631 31.9719 14.2322V19.7844C31.9719 20.9574 32.8235 22.0521 33.9847 22.1303C35.3007 22.2867 36.3845 21.192 36.3845 19.8626V18.064C36.3845 17.1256 37.1586 16.4218 38.0102 16.4218C38.9392 16.4218 39.6359 17.2038 39.6359 18.064V18.2986C39.6359 19.237 40.41 20.019 41.339 20.019C42.2679 20.019 43.0421 19.237 43.0421 18.2986V12.0427V11.7299C43.0421 10.7915 42.2679 10.0095 41.339 10.0095C40.4874 10.1659 39.7133 10.8697 39.7133 11.8863Z\" fill=\"#B37CD3\"><\/path><\/svg>\t\t\t<\/div>\n\t\t<\/div>\n\t\t\t\t\t\t<\/div>\n\t\t\t\t<\/div>\n\t\t\t\t<div class=\"elementor-element elementor-element-15ba832 elementor-widget elementor-widget-heading\" data-id=\"15ba832\" data-element_type=\"widget\" data-e-type=\"widget\" data-widget_type=\"heading.default\">\n\t\t\t\t<div class=\"elementor-widget-container\">\n\t\t\t\t\t<h1 class=\"elementor-heading-title elementor-size-default\">Kontakt<\/h1>\t\t\t\t<\/div>\n\t\t\t\t<\/div>\n\t\t\t\t<div class=\"elementor-element elementor-element-576649a elementor-widget elementor-widget-text-editor\" data-id=\"576649a\" data-element_type=\"widget\" data-e-type=\"widget\" data-widget_type=\"text-editor.default\">\n\t\t\t\t<div class=\"elementor-widget-container\">\n\t\t\t\t\t\t\t\t\t<p>Haben Sie Fragen? <br><br> Senden Sie uns gerne eine Nachricht und unser Team wird Ihnen in K\u00fcrze antworten.<\/p>\t\t\t\t\t\t\t\t<\/div>\n\t\t\t\t<\/div>\n\t\t\t\t<div class=\"elementor-element elementor-element-435bbd6 elementor-button-align-stretch elementor-widget elementor-widget-form\" data-id=\"435bbd6\" data-element_type=\"widget\" data-e-type=\"widget\" data-settings=\"{&quot;step_next_label&quot;:&quot;Next&quot;,&quot;step_previous_label&quot;:&quot;Previous&quot;,&quot;button_width&quot;:&quot;33&quot;,&quot;step_type&quot;:&quot;number_text&quot;,&quot;step_icon_shape&quot;:&quot;circle&quot;}\" data-widget_type=\"form.default\">\n\t\t\t\t<div class=\"elementor-widget-container\">\n\t\t\t\t\t<template id=\"cfef_logic_data_435bbd6\" class=\"cfef_logic_data_js\" data-form-id=\"435bbd6\">{&quot;field_c2c1684&quot;:{&quot;display_mode&quot;:&quot;show&quot;,&quot;fire_action&quot;:&quot;All&quot;,&quot;file_types&quot;:&quot;png&quot;,&quot;logic_data&quot;:[{&quot;cfef_logic_field_id&quot;:&quot;professional&quot;,&quot;cfef_logic_field_is&quot;:&quot;==&quot;,&quot;cfef_logic_compare_value&quot;:&quot;yes&quot;,&quot;_id&quot;:&quot;b8ae268&quot;}]}}<\/template>\t\t<form class=\"elementor-form\" method=\"post\" name=\"New Form\" aria-label=\"New Form\">\n\t\t\t<input type=\"hidden\" name=\"post_id\" value=\"2237\"\/>\n\t\t\t<input type=\"hidden\" name=\"form_id\" value=\"435bbd6\"\/>\n\t\t\t<input type=\"hidden\" name=\"referer_title\" value=\"\" \/>\n\n\t\t\t\n\t\t\t<div class=\"elementor-form-fields-wrapper elementor-labels-\">\n\t\t\t\t\t\t\t\t<div class=\"elementor-field-type-select elementor-field-group elementor-column elementor-field-group-professional elementor-col-100\">\n\t\t\t\t\t\t\t\t\t\t\t\t<label for=\"form-field-professional\" class=\"elementor-field-label elementor-screen-only\">\n\t\t\t\t\t\t\t\tSind Sie im Gesundheitswesen t\u00e4tig?\t\t\t\t\t\t\t<\/label>\n\t\t\t\t\t\t\t\t<div class=\"elementor-field elementor-select-wrapper remove-before \">\n\t\t\t<div class=\"select-caret-down-wrapper\">\n\t\t\t\t<svg aria-hidden=\"true\" class=\"e-font-icon-svg e-eicon-caret-down\" viewBox=\"0 0 571.4 571.4\" xmlns=\"http:\/\/www.w3.org\/2000\/svg\"><path d=\"M571 393Q571 407 561 418L311 668Q300 679 286 679T261 668L11 418Q0 407 0 393T11 368 36 357H536Q550 357 561 368T571 393Z\"><\/path><\/svg>\t\t\t<\/div>\n\t\t\t<select name=\"form_fields[professional]\" id=\"form-field-professional\" class=\"elementor-field-textual elementor-size-md\">\n\t\t\t\t\t\t\t\t\t<option value=\" not_selected\">Sind Sie im Gesundheitswesen t\u00e4tig? <\/option>\n\t\t\t\t\t\t\t\t\t<option value=\" ja\">Ja <\/option>\n\t\t\t\t\t\t\t\t\t<option value=\" nein\">Nein <\/option>\n\t\t\t\t\t\t\t<\/select>\n\t\t<\/div>\n\t\t\t\t\t\t<\/div>\n\t\t\t\t\t\t\t\t<div class=\"elementor-field-type-text elementor-field-group elementor-column elementor-field-group-field_c2c1684 elementor-col-100 elementor-field-required\">\n\t\t\t\t\t\t\t\t\t\t\t\t<label for=\"form-field-field_c2c1684\" class=\"elementor-field-label elementor-screen-only\">\n\t\t\t\t\t\t\t\tName der Institution\t\t\t\t\t\t\t<\/label>\n\t\t\t\t\t\t\t\t\t\t\t\t\t\t<input size=\"1\" type=\"text\" name=\"form_fields[field_c2c1684]\" id=\"form-field-field_c2c1684\" class=\"elementor-field elementor-size-md  elementor-field-textual\" placeholder=\"Name der Institution\" required=\"required\">\n\t\t\t\t\t\t\t\t\t\t\t<\/div>\n\t\t\t\t\t\t\t\t<div class=\"elementor-field-type-text elementor-field-group elementor-column elementor-field-group-field_265692b elementor-col-50 elementor-field-required\">\n\t\t\t\t\t\t\t\t\t\t\t\t<label for=\"form-field-field_265692b\" class=\"elementor-field-label elementor-screen-only\">\n\t\t\t\t\t\t\t\tIhr Name\t\t\t\t\t\t\t<\/label>\n\t\t\t\t\t\t\t\t\t\t\t\t\t\t<input size=\"1\" type=\"text\" name=\"form_fields[field_265692b]\" id=\"form-field-field_265692b\" class=\"elementor-field elementor-size-md  elementor-field-textual\" placeholder=\"Ihr Name\" required=\"required\">\n\t\t\t\t\t\t\t\t\t\t\t<\/div>\n\t\t\t\t\t\t\t\t<div class=\"elementor-field-type-email elementor-field-group elementor-column elementor-field-group-email elementor-col-50 elementor-field-required\">\n\t\t\t\t\t\t\t\t\t\t\t\t<label for=\"form-field-email\" class=\"elementor-field-label elementor-screen-only\">\n\t\t\t\t\t\t\t\tIhre E-mail\t\t\t\t\t\t\t<\/label>\n\t\t\t\t\t\t\t\t\t\t\t\t\t\t<input size=\"1\" type=\"email\" name=\"form_fields[email]\" id=\"form-field-email\" class=\"elementor-field elementor-size-md  elementor-field-textual\" placeholder=\"Ihre E-mail\" required=\"required\">\n\t\t\t\t\t\t\t\t\t\t\t<\/div>\n\t\t\t\t\t\t\t\t<div class=\"elementor-field-type-text elementor-field-group elementor-column elementor-field-group-field_4b2f455 elementor-col-100 elementor-field-required\">\n\t\t\t\t\t\t\t\t\t\t\t\t<label for=\"form-field-field_4b2f455\" class=\"elementor-field-label elementor-screen-only\">\n\t\t\t\t\t\t\t\tThema\t\t\t\t\t\t\t<\/label>\n\t\t\t\t\t\t\t\t\t\t\t\t\t\t<input size=\"1\" type=\"text\" name=\"form_fields[field_4b2f455]\" id=\"form-field-field_4b2f455\" class=\"elementor-field elementor-size-md  elementor-field-textual\" placeholder=\"Thema\" required=\"required\">\n\t\t\t\t\t\t\t\t\t\t\t<\/div>\n\t\t\t\t\t\t\t\t<div class=\"elementor-field-type-textarea elementor-field-group elementor-column elementor-field-group-message elementor-col-100 elementor-field-required\">\n\t\t\t\t\t\t\t\t\t\t\t\t<label for=\"form-field-message\" class=\"elementor-field-label elementor-screen-only\">\n\t\t\t\t\t\t\t\tNachricht*\t\t\t\t\t\t\t<\/label>\n\t\t\t\t\t\t<textarea class=\"elementor-field-textual elementor-field  elementor-size-md\" name=\"form_fields[message]\" id=\"form-field-message\" rows=\"4\" placeholder=\"Nachricht*\" required=\"required\"><\/textarea>\t\t\t\t<\/div>\n\t\t\t\t\t\t\t\t<div class=\"elementor-field-type-upload elementor-field-group elementor-column elementor-field-group-field_a55b7b5 elementor-col-66\">\n\t\t\t\t\t\t\t\t\t\t\t\t<label for=\"form-field-field_a55b7b5\" class=\"elementor-field-label elementor-screen-only\">\n\t\t\t\t\t\t\t\tDatei anh\u00e4ngen\t\t\t\t\t\t\t<\/label>\n\t\t\t\t\t\t\t\t<input type=\"file\" name=\"form_fields[field_a55b7b5]\" id=\"form-field-field_a55b7b5\" class=\"elementor-field elementor-size-md  elementor-upload-field\" data-maxsize=\"5\" data-maxsize-message=\"Diese Datei \u00fcbersteigt die maximale Dateigr\u00f6\u00dfe.\">\n\n\t\t\t\t\t\t<\/div>\n\t\t\t\t\t\t\t\t<div class=\"elementor-field-type-recaptcha_v3 elementor-field-group elementor-column elementor-field-group-field_ad63e02 elementor-col-100 recaptcha_v3-bottomleft\">\n\t\t\t\t\t<div class=\"elementor-field\" id=\"form-field-field_ad63e02\"><div class=\"elementor-g-recaptcha\" data-sitekey=\"6LdisMMrAAAAAAfpQeaO4rgJy4gGYNpBPeDZXIrk\" data-type=\"v3\" data-action=\"Form\" data-badge=\"bottomleft\" data-size=\"invisible\"><\/div><\/div>\t\t\t\t<\/div>\n\t\t\t\t\t\t\t\t<div class=\"elementor-field-group elementor-column elementor-field-type-submit elementor-col-33 e-form__buttons\">\n\t\t\t\t\t<button class=\"elementor-button elementor-size-sm\" type=\"submit\">\n\t\t\t\t\t\t<span class=\"elementor-button-content-wrapper\">\n\t\t\t\t\t\t\t\t\t\t\t\t\t\t\t<span class=\"elementor-button-icon\">\n\t\t\t\t\t\t\t\t\t<svg xmlns=\"http:\/\/www.w3.org\/2000\/svg\" xmlns:xlink=\"http:\/\/www.w3.org\/1999\/xlink\" id=\"Layer_1\" x=\"0px\" y=\"0px\" viewBox=\"0 0 40 40\" style=\"enable-background:new 0 0 40 40;\" xml:space=\"preserve\">    <style type=\"text\/css\">        .arrow-st0{fill:none;}        .arrow-st1{fill:none;stroke-width:2;}    <\/style>    <g id=\"Group_2565\" transform=\"translate(-978.461 -3158.198)\">        <g id=\"Ellipse_30\" transform=\"translate(978.461 3158.198)\">            <circle class=\"arrow-st0\" cx=\"20\" cy=\"20\" r=\"20\"><\/circle>            <circle class=\"arrow-st1\" style=\"stroke:#B37CD3\" cx=\"20\" cy=\"20\" r=\"19\"><\/circle>        <\/g>        <line id=\"Line_3\" class=\"arrow-st1\" style=\"stroke:#B37CD3\" x1=\"988.9\" y1=\"3178\" x2=\"1005.8\" y2=\"3178\"><\/line>        <path id=\"Path_2\" class=\"arrow-st1\" style=\"stroke:#B37CD3\" d=\"M1001.1,3173.2l5,5l-5,5\"><\/path>    <\/g><\/svg>\t\t\t\t\t\t\t\t\t\t\t\t\t\t\t\t\t<\/span>\n\t\t\t\t\t\t\t\t\t\t\t\t\t\t\t\t\t\t\t\t\t\t<span class=\"elementor-button-text\">Nachricht senden<\/span>\n\t\t\t\t\t\t\t\t\t\t\t\t\t<\/span>\n\t\t\t\t\t<\/button>\n\t\t\t\t<\/div>\n\t\t\t<\/div>\n\t\t<\/form>\n\t\t\t\t\t\t<\/div>\n\t\t\t\t<\/div>\n\t\t\t\t<\/div>\n\t\t<div class=\"elementor-element elementor-element-0e46ed8 e-con-full e-flex e-con e-child\" data-id=\"0e46ed8\" data-element_type=\"container\" data-e-type=\"container\">\n\t\t\t\t<div class=\"elementor-element elementor-element-0434814 animated-slow elementor-invisible elementor-widget elementor-widget-image\" data-id=\"0434814\" data-element_type=\"widget\" data-e-type=\"widget\" data-settings=\"{&quot;_animation&quot;:&quot;fadeInRight&quot;}\" data-widget_type=\"image.default\">\n\t\t\t\t<div class=\"elementor-widget-container\">\n\t\t\t\t\t\t\t\t\t\t\t\t\t\t\t<img fetchpriority=\"high\" decoding=\"async\" width=\"718\" height=\"476\" src=\"https:\/\/miamind.com\/wp-content\/uploads\/2025\/06\/contact-2.jpg\" class=\"attachment-full size-full wp-image-1033\" alt=\"\" \/>\t\t\t\t\t\t\t\t\t\t\t\t\t\t\t<\/div>\n\t\t\t\t<\/div>\n\t\t\t\t<div class=\"elementor-element elementor-element-c714011 elementor-widget__width-initial elementor-absolute elementor-invisible elementor-widget elementor-widget-text-editor\" data-id=\"c714011\" data-element_type=\"widget\" data-e-type=\"widget\" data-settings=\"{&quot;_position&quot;:&quot;absolute&quot;,&quot;_animation&quot;:&quot;fadeInRight&quot;}\" data-widget_type=\"text-editor.default\">\n\t\t\t\t<div class=\"elementor-widget-container\">\n\t\t\t\t\t\t\t\t\t<h4>Bottneuro AG<\/h4><p>Lichtstrasse 35<br \/>4056, Basel<\/p><h5>+41 61 515 00 43<\/h5>\t\t\t\t\t\t\t\t<\/div>\n\t\t\t\t<\/div>\n\t\t\t\t<\/div>\n\t\t\t\t<\/div>\n\t\t\t\t\t<\/div>\n\t\t\t\t<\/div>\n\t\t<div class=\"elementor-element elementor-element-72c3352 e-con-full e-flex e-con e-parent\" data-id=\"72c3352\" data-element_type=\"container\" data-e-type=\"container\">\n\t\t\t\t<div class=\"elementor-element elementor-element-20adf33 elementor-widget elementor-widget-google_maps\" data-id=\"20adf33\" data-element_type=\"widget\" data-e-type=\"widget\" data-widget_type=\"google_maps.default\">\n\t\t\t\t<div class=\"elementor-widget-container\">\n\t\t\t\t\t\t\t<div class=\"elementor-custom-embed\">\n\t\t\t<iframe loading=\"lazy\"\n\t\t\t\t\tsrc=\"https:\/\/maps.google.com\/maps?q=Bottneuro%20AG%20Novartis%20Campus%2C%20Lichtstrasse%2035%2C%204056%20Basel%2C%20Switzerland&#038;t=m&#038;z=14&#038;output=embed&#038;iwloc=near\"\n\t\t\t\t\ttitle=\"Bottneuro AG Novartis Campus, Lichtstrasse 35, 4056 Basel, Switzerland\"\n\t\t\t\t\taria-label=\"Bottneuro AG Novartis Campus, Lichtstrasse 35, 4056 Basel, Switzerland\"\n\t\t\t><\/iframe>\n\t\t<\/div>\n\t\t\t\t\t\t<\/div>\n\t\t\t\t<\/div>\n\t\t\t\t<\/div>\n\t\t\t\t<\/div>\n\t\t","protected":false},"excerpt":{"rendered":"<p>&nbsp; Haben Sie Fragen? Senden Sie uns gerne eine Nachricht und unser Team wird Ihnen in K\u00fcrze antworten. Bottneuro AG Lichtstrasse 35 4056, Basel +41 61 515 00 43<\/p>\n","protected":false},"author":1,"featured_media":0,"parent":0,"menu_order":0,"comment_status":"closed","ping_status":"closed","template":"","meta":{"footnotes":""},"class_list":["post-2237","page","type-page","status-publish","hentry"],"_links":{"self":[{"href":"https:\/\/miamind.com\/de\/wp-json\/wp\/v2\/pages\/2237","targetHints":{"allow":["GET"]}}],"collection":[{"href":"https:\/\/miamind.com\/de\/wp-json\/wp\/v2\/pages"}],"about":[{"href":"https:\/\/miamind.com\/de\/wp-json\/wp\/v2\/types\/page"}],"author":[{"embeddable":true,"href":"https:\/\/miamind.com\/de\/wp-json\/wp\/v2\/users\/1"}],"replies":[{"embeddable":true,"href":"https:\/\/miamind.com\/de\/wp-json\/wp\/v2\/comments?post=2237"}],"version-history":[{"count":0,"href":"https:\/\/miamind.com\/de\/wp-json\/wp\/v2\/pages\/2237\/revisions"}],"wp:attachment":[{"href":"https:\/\/miamind.com\/de\/wp-json\/wp\/v2\/media?parent=2237"}],"curies":[{"name":"wp","href":"https:\/\/api.w.org\/{rel}","templated":true}]}}