{"id":2344,"date":"2025-07-01T11:35:24","date_gmt":"2025-07-01T11:35:24","guid":{"rendered":"https:\/\/miamind.d4design.dev\/step-3-apply-gel\/"},"modified":"2025-09-10T09:20:02","modified_gmt":"2025-09-10T09:20:02","slug":"step-3-apply-gel","status":"publish","type":"page","link":"https:\/\/miamind.com\/de\/step-3-apply-gel\/","title":{"rendered":"Step 3 &#8211; apply gel"},"content":{"rendered":"\t\t<div data-elementor-type=\"wp-page\" data-elementor-id=\"2344\" class=\"elementor elementor-2344 elementor-1431\" data-elementor-post-type=\"page\">\n\t\t\t\t<div class=\"elementor-element elementor-element-71ae064 e-flex e-con-boxed e-con e-parent\" data-id=\"71ae064\" data-element_type=\"container\" data-e-type=\"container\">\n\t\t\t\t\t<div class=\"e-con-inner\">\n\t\t\t\t<div class=\"elementor-element elementor-element-7be5070 elementor-widget elementor-widget-button\" data-id=\"7be5070\" data-element_type=\"widget\" data-e-type=\"widget\" data-widget_type=\"button.default\">\n\t\t\t\t<div class=\"elementor-widget-container\">\n\t\t\t\t\t\t\t\t\t<div class=\"elementor-button-wrapper\">\n\t\t\t\t\t<a class=\"elementor-button elementor-button-link elementor-size-sm\" href=\"https:\/\/miamind.com\/de\/miamind\/\">\n\t\t\t\t\t\t<span class=\"elementor-button-content-wrapper\">\n\t\t\t\t\t\t<span class=\"elementor-button-icon\">\n\t\t\t\t<i aria-hidden=\"true\" class=\"ivaicon- iva-icon-left-open-big\"><\/i>\t\t\t<\/span>\n\t\t\t\t\t\t\t\t\t<span class=\"elementor-button-text\">Back to all videos<\/span>\n\t\t\t\t\t<\/span>\n\t\t\t\t\t<\/a>\n\t\t\t\t<\/div>\n\t\t\t\t\t\t\t\t<\/div>\n\t\t\t\t<\/div>\n\t\t<div class=\"elementor-element elementor-element-640475e e-con-full e-flex e-con e-child\" data-id=\"640475e\" data-element_type=\"container\" data-e-type=\"container\">\n\t\t\t\t<div class=\"elementor-element elementor-element-b3fa07f elementor-widget elementor-widget-heading\" data-id=\"b3fa07f\" data-element_type=\"widget\" data-e-type=\"widget\" data-widget_type=\"heading.default\">\n\t\t\t\t<div class=\"elementor-widget-container\">\n\t\t\t\t\t<h1 class=\"elementor-heading-title elementor-size-default\">Schritt 3 - Gel auftragen\n<\/h1>\t\t\t\t<\/div>\n\t\t\t\t<\/div>\n\t\t\t\t<div class=\"elementor-element elementor-element-adac19d elementor-widget elementor-widget-timeline_video_widget\" data-id=\"adac19d\" data-element_type=\"widget\" data-e-type=\"widget\" data-widget_type=\"timeline_video_widget.default\">\n\t\t\t\t<div class=\"elementor-widget-container\">\n\t\t\t\t\t\t\t<div class=\"timeline-video-widget\">\n\t\t\t<div class=\"video-container\">\n\t\t\t\t<video id=\"timeline-video\" controls poster=\"https:\/\/miamind.com\/wp-content\/uploads\/2025\/06\/step-3-apply-gel-0-0-0-0-1726734375.png\">\n\t\t\t\t\t<source src=\"https:\/\/miamind.com\/wp-content\/uploads\/2025\/09\/drehbuch_4_-_schritt_3_-_gel_auftragen-1080p-1.mp4\" type=\"video\/mp4\">\n\t\t\t\t\tYour browser does not support the video tag.\n\t\t\t\t<\/video>\n\t\t\t\t<div class=\"custom-play-button\"><\/div>\n\t\t\t<\/div>\n\t\t\t<div class=\"timeline-items\">\n\t\t\t\t\t\t\t\t\t<div class=\"timeline-item\" data-start=\"0\" data-end=\"29\">\n\t\t\t\t\t\t<img decoding=\"async\" src=\"https:\/\/miamind.com\/wp-content\/uploads\/2025\/07\/img_06a63d5ddbc6559676e844cecf7e16d1.jpg\" alt=\"\">\n\t\t\t\t\t\t<p>\n\t\t\t\t\t\t\tDie Spritze mit Gel f\u00fcllen<br>\n\t\t\t\t\t\t\t<span>\n\t\t\t\t\t\t\t\t00:00\t\t\t\t\t\t\t\t\t\t\t\t\t\t\t\t\t- 00:29\t\t\t\t\t\t\t\t\t\t\t\t\t\t\t<\/span>\n\t\t\t\t\t\t<\/p>\n\t\t\t\t\t<\/div>\n\t\t\t\t\t\t\t\t\t<div class=\"timeline-item\" data-start=\"29\" data-end=\"52\">\n\t\t\t\t\t\t<img decoding=\"async\" src=\"https:\/\/miamind.com\/wp-content\/uploads\/2025\/07\/img_ef0eb0546d5e32f3f2b81e63abb46280.jpg\" alt=\"\">\n\t\t\t\t\t\t<p>\n\t\t\t\t\t\t\tGel auftragen<br>\n\t\t\t\t\t\t\t<span>\n\t\t\t\t\t\t\t\t00:29\t\t\t\t\t\t\t\t\t\t\t\t\t\t\t\t\t- 00:52\t\t\t\t\t\t\t\t\t\t\t\t\t\t\t<\/span>\n\t\t\t\t\t\t<\/p>\n\t\t\t\t\t<\/div>\n\t\t\t\t\t\t\t<\/div>\n\t\t<\/div>\n\t\t\t\t\t\t<\/div>\n\t\t\t\t<\/div>\n\t\t\t\t<\/div>\n\t\t\t\t<div class=\"elementor-element elementor-element-5fb1c76 elementor-widget elementor-widget-heading\" data-id=\"5fb1c76\" data-element_type=\"widget\" data-e-type=\"widget\" data-widget_type=\"heading.default\">\n\t\t\t\t<div class=\"elementor-widget-container\">\n\t\t\t\t\t<h3 class=\"elementor-heading-title elementor-size-default\">Video Beschreibung\n<\/h3>\t\t\t\t<\/div>\n\t\t\t\t<\/div>\n\t\t\t\t<div class=\"elementor-element elementor-element-af09dd6 elementor-widget elementor-widget-text-editor\" data-id=\"af09dd6\" data-element_type=\"widget\" data-e-type=\"widget\" data-widget_type=\"text-editor.default\">\n\t\t\t\t<div class=\"elementor-widget-container\">\n\t\t\t\t\t\t\t\t\t<p>In diesem Video zeigen wir, wie das leitf\u00e4hige Gel aufgetragen wird.<\/p>\t\t\t\t\t\t\t\t<\/div>\n\t\t\t\t<\/div>\n\t\t<div class=\"elementor-element elementor-element-1a42aff e-con-full e-flex e-con e-child\" data-id=\"1a42aff\" data-element_type=\"container\" data-e-type=\"container\">\n\t\t\t\t<div class=\"elementor-element elementor-element-800a73a elementor-align-left elementor-widget elementor-widget-button\" data-id=\"800a73a\" data-element_type=\"widget\" data-e-type=\"widget\" data-widget_type=\"button.default\">\n\t\t\t\t<div class=\"elementor-widget-container\">\n\t\t\t\t\t\t\t\t\t<div class=\"elementor-button-wrapper\">\n\t\t\t\t\t<a class=\"elementor-button elementor-button-link elementor-size-sm\" href=\"https:\/\/miamind.com\/de\/step-2-put-on-the-neurostimulator\/\">\n\t\t\t\t\t\t<span class=\"elementor-button-content-wrapper\">\n\t\t\t\t\t\t<span class=\"elementor-button-icon\">\n\t\t\t\t<svg xmlns=\"http:\/\/www.w3.org\/2000\/svg\" xmlns:xlink=\"http:\/\/www.w3.org\/1999\/xlink\" id=\"Layer_1\" x=\"0px\" y=\"0px\" viewBox=\"0 0 40 40\" style=\"enable-background:new 0 0 40 40;\" xml:space=\"preserve\">    <style type=\"text\/css\">        .arrow-st0{fill:none;}        .arrow-st1{fill:none;stroke-width:2;}    <\/style>    <g id=\"Group_2565\" transform=\"translate(-978.461 -3158.198)\">        <g id=\"Ellipse_30\" transform=\"translate(978.461 3158.198)\">            <circle class=\"arrow-st0\" cx=\"20\" cy=\"20\" r=\"20\"><\/circle>            <circle class=\"arrow-st1\" style=\"stroke:#B37CD3\" cx=\"20\" cy=\"20\" r=\"19\"><\/circle>        <\/g>        <line id=\"Line_3\" class=\"arrow-st1\" style=\"stroke:#B37CD3\" x1=\"988.9\" y1=\"3178\" x2=\"1005.8\" y2=\"3178\"><\/line>        <path id=\"Path_2\" class=\"arrow-st1\" style=\"stroke:#B37CD3\" d=\"M1001.1,3173.2l5,5l-5,5\"><\/path>    <\/g><\/svg>\t\t\t<\/span>\n\t\t\t\t\t\t\t\t\t<span class=\"elementor-button-text\">Vorheriges Video<\/span>\n\t\t\t\t\t<\/span>\n\t\t\t\t\t<\/a>\n\t\t\t\t<\/div>\n\t\t\t\t\t\t\t\t<\/div>\n\t\t\t\t<\/div>\n\t\t\t\t<div class=\"elementor-element elementor-element-5d7a3cf elementor-align-left elementor-widget elementor-widget-button\" data-id=\"5d7a3cf\" data-element_type=\"widget\" data-e-type=\"widget\" data-widget_type=\"button.default\">\n\t\t\t\t<div class=\"elementor-widget-container\">\n\t\t\t\t\t\t\t\t\t<div class=\"elementor-button-wrapper\">\n\t\t\t\t\t<a class=\"elementor-button elementor-button-link elementor-size-sm\" href=\"https:\/\/miamind.com\/de\/step-4-start-and-perform-therapy\/\">\n\t\t\t\t\t\t<span class=\"elementor-button-content-wrapper\">\n\t\t\t\t\t\t<span class=\"elementor-button-icon\">\n\t\t\t\t<svg xmlns=\"http:\/\/www.w3.org\/2000\/svg\" xmlns:xlink=\"http:\/\/www.w3.org\/1999\/xlink\" id=\"Layer_1\" x=\"0px\" y=\"0px\" viewBox=\"0 0 40 40\" style=\"enable-background:new 0 0 40 40;\" xml:space=\"preserve\">    <style type=\"text\/css\">        .arrow-st0{fill:none;}        .arrow-st1{fill:none;stroke-width:2;}    <\/style>    <g id=\"Group_2565\" transform=\"translate(-978.461 -3158.198)\">        <g id=\"Ellipse_30\" transform=\"translate(978.461 3158.198)\">            <circle class=\"arrow-st0\" cx=\"20\" cy=\"20\" r=\"20\"><\/circle>            <circle class=\"arrow-st1\" style=\"stroke:#B37CD3\" cx=\"20\" cy=\"20\" r=\"19\"><\/circle>        <\/g>        <line id=\"Line_3\" class=\"arrow-st1\" style=\"stroke:#B37CD3\" x1=\"988.9\" y1=\"3178\" x2=\"1005.8\" y2=\"3178\"><\/line>        <path id=\"Path_2\" class=\"arrow-st1\" style=\"stroke:#B37CD3\" d=\"M1001.1,3173.2l5,5l-5,5\"><\/path>    <\/g><\/svg>\t\t\t<\/span>\n\t\t\t\t\t\t\t\t\t<span class=\"elementor-button-text\">N\u00e4chstes Video<\/span>\n\t\t\t\t\t<\/span>\n\t\t\t\t\t<\/a>\n\t\t\t\t<\/div>\n\t\t\t\t\t\t\t\t<\/div>\n\t\t\t\t<\/div>\n\t\t\t\t<\/div>\n\t\t\t\t<div class=\"elementor-element elementor-element-d2ee28a elementor-widget-divider--view-line elementor-widget elementor-widget-divider\" data-id=\"d2ee28a\" data-element_type=\"widget\" data-e-type=\"widget\" data-widget_type=\"divider.default\">\n\t\t\t\t<div class=\"elementor-widget-container\">\n\t\t\t\t\t\t\t<div class=\"elementor-divider\">\n\t\t\t<span class=\"elementor-divider-separator\">\n\t\t\t\t\t\t<\/span>\n\t\t<\/div>\n\t\t\t\t\t\t<\/div>\n\t\t\t\t<\/div>\n\t\t\t\t<div class=\"elementor-element elementor-element-9838c6f elementor-widget elementor-widget-heading\" data-id=\"9838c6f\" data-element_type=\"widget\" data-e-type=\"widget\" data-widget_type=\"heading.default\">\n\t\t\t\t<div class=\"elementor-widget-container\">\n\t\t\t\t\t<h2 class=\"elementor-heading-title elementor-size-default\">Related Tutorials\n<\/h2>\t\t\t\t<\/div>\n\t\t\t\t<\/div>\n\t\t<div class=\"elementor-element elementor-element-ec04b81 e-con-full e-flex e-con e-child\" data-id=\"ec04b81\" data-element_type=\"container\" data-e-type=\"container\">\n\t\t\t\t<div class=\"elementor-element elementor-element-6d9457f elementor-widget elementor-widget-n-carousel\" data-id=\"6d9457f\" data-element_type=\"widget\" data-e-type=\"widget\" data-settings=\"{&quot;carousel_items&quot;:[{&quot;slide_title&quot;:&quot;Slide #1&quot;,&quot;_id&quot;:&quot;501c00c&quot;},{&quot;slide_title&quot;:&quot;Slide #3&quot;,&quot;_id&quot;:&quot;491712e&quot;},{&quot;slide_title&quot;:&quot;Slide #4&quot;,&quot;_id&quot;:&quot;bbfdda0&quot;},{&quot;slide_title&quot;:&quot;Slide #5&quot;,&quot;_id&quot;:&quot;2f9d249&quot;},{&quot;slide_title&quot;:&quot;Slide #6&quot;,&quot;_id&quot;:&quot;52ae247&quot;},{&quot;slide_title&quot;:&quot;Slide #2&quot;,&quot;_id&quot;:&quot;4f96529&quot;}],&quot;slides_to_show&quot;:&quot;4&quot;,&quot;image_spacing_custom&quot;:{&quot;unit&quot;:&quot;px&quot;,&quot;size&quot;:15,&quot;sizes&quot;:[]},&quot;slides_to_show_tablet&quot;:&quot;2&quot;,&quot;slides_to_show_mobile&quot;:&quot;1&quot;,&quot;speed&quot;:500,&quot;image_spacing_custom_tablet&quot;:{&quot;unit&quot;:&quot;px&quot;,&quot;size&quot;:&quot;&quot;,&quot;sizes&quot;:[]},&quot;image_spacing_custom_mobile&quot;:{&quot;unit&quot;:&quot;px&quot;,&quot;size&quot;:&quot;&quot;,&quot;sizes&quot;:[]}}\" data-widget_type=\"nested-carousel.default\">\n\t\t\t\t<div class=\"elementor-widget-container\">\n\t\t\t\t\t\t\t<div class=\"e-n-carousel swiper\" role=\"region\" aria-roledescription=\"carousel\" aria-label=\"Carousel\" dir=\"ltr\">\n\t\t\t<div class=\"swiper-wrapper\" aria-live=\"polite\">\n\t\t\t\t\t\t\t\t\t\t<div class=\"swiper-slide\" data-slide=\"1\" role=\"group\" aria-roledescription=\"slide\" aria-label=\"1 von 6\">\n\t\t\t\t\t\t\t<div class=\"elementor-element elementor-element-58952a9 e-flex e-con-boxed e-con e-child\" data-id=\"58952a9\" data-element_type=\"container\" data-e-type=\"container\">\n\t\t\t\t\t<div class=\"e-con-inner\">\n\t\t<div class=\"elementor-element elementor-element-297a495 e-con-full e-flex e-con e-child\" data-id=\"297a495\" data-element_type=\"container\" data-e-type=\"container\">\n\t\t\t\t<div class=\"elementor-element elementor-element-0c33223 elementor-widget elementor-widget-image\" data-id=\"0c33223\" data-element_type=\"widget\" data-e-type=\"widget\" data-widget_type=\"image.default\">\n\t\t\t\t<div class=\"elementor-widget-container\">\n\t\t\t\t\t\t\t\t\t\t\t\t\t\t\t<img fetchpriority=\"high\" decoding=\"async\" width=\"800\" height=\"450\" src=\"https:\/\/miamind.com\/wp-content\/uploads\/2025\/06\/Schritt-2-Neurostimulator-aufsetzen-1280x720-1-1024x576.jpg\" class=\"attachment-large size-large wp-image-1201\" alt=\"\" \/>\t\t\t\t\t\t\t\t\t\t\t\t\t\t\t<\/div>\n\t\t\t\t<\/div>\n\t\t\t\t<div class=\"elementor-element elementor-element-f50a13b elementor-widget elementor-widget-heading\" data-id=\"f50a13b\" data-element_type=\"widget\" data-e-type=\"widget\" data-widget_type=\"heading.default\">\n\t\t\t\t<div class=\"elementor-widget-container\">\n\t\t\t\t\t<h2 class=\"elementor-heading-title elementor-size-default\">Step 2 - put on the neurostimulator<\/h2>\t\t\t\t<\/div>\n\t\t\t\t<\/div>\n\t\t\t\t<\/div>\n\t\t\t\t\t<\/div>\n\t\t\t\t<\/div>\n\t\t\t\t\t\t\t\t<\/div>\n\t\t\t\t\t\t\t\t\t\t\t<div class=\"swiper-slide\" data-slide=\"2\" role=\"group\" aria-roledescription=\"slide\" aria-label=\"2 von 6\">\n\t\t\t\t\t\t\t<div class=\"elementor-element elementor-element-2f4070e e-flex e-con-boxed e-con e-child\" data-id=\"2f4070e\" data-element_type=\"container\" data-e-type=\"container\">\n\t\t\t\t\t<div class=\"e-con-inner\">\n\t\t<div class=\"elementor-element elementor-element-cf4dbbe e-con-full e-flex e-con e-child\" data-id=\"cf4dbbe\" data-element_type=\"container\" data-e-type=\"container\">\n\t\t\t\t<div class=\"elementor-element elementor-element-e51bd80 elementor-widget elementor-widget-image\" data-id=\"e51bd80\" data-element_type=\"widget\" data-e-type=\"widget\" data-widget_type=\"image.default\">\n\t\t\t\t<div class=\"elementor-widget-container\">\n\t\t\t\t\t\t\t\t\t\t\t\t\t\t\t<img decoding=\"async\" width=\"800\" height=\"450\" src=\"https:\/\/miamind.com\/wp-content\/uploads\/2025\/06\/step-4-start-and-perform-the-therapy-0-0-0-0-1726735096-1024x576.png\" class=\"attachment-large size-large wp-image-1225\" alt=\"\" \/>\t\t\t\t\t\t\t\t\t\t\t\t\t\t\t<\/div>\n\t\t\t\t<\/div>\n\t\t\t\t<div class=\"elementor-element elementor-element-5c48eae elementor-widget elementor-widget-heading\" data-id=\"5c48eae\" data-element_type=\"widget\" data-e-type=\"widget\" data-widget_type=\"heading.default\">\n\t\t\t\t<div class=\"elementor-widget-container\">\n\t\t\t\t\t<h2 class=\"elementor-heading-title elementor-size-default\">Step 4 - start and perform therapy<\/h2>\t\t\t\t<\/div>\n\t\t\t\t<\/div>\n\t\t\t\t<\/div>\n\t\t\t\t\t<\/div>\n\t\t\t\t<\/div>\n\t\t\t\t\t\t\t\t<\/div>\n\t\t\t\t\t\t\t\t\t\t\t<div class=\"swiper-slide\" data-slide=\"3\" role=\"group\" aria-roledescription=\"slide\" aria-label=\"3 von 6\">\n\t\t\t\t\t\t\t<div class=\"elementor-element elementor-element-c9eaac7 e-flex e-con-boxed e-con e-child\" data-id=\"c9eaac7\" data-element_type=\"container\" data-e-type=\"container\">\n\t\t\t\t\t<div class=\"e-con-inner\">\n\t\t<div class=\"elementor-element elementor-element-8083be0 e-con-full e-flex e-con e-child\" data-id=\"8083be0\" data-element_type=\"container\" data-e-type=\"container\">\n\t\t\t\t<div class=\"elementor-element elementor-element-0195e49 elementor-widget elementor-widget-image\" data-id=\"0195e49\" data-element_type=\"widget\" data-e-type=\"widget\" data-widget_type=\"image.default\">\n\t\t\t\t<div class=\"elementor-widget-container\">\n\t\t\t\t\t\t\t\t\t\t\t\t\t\t\t<img decoding=\"async\" width=\"800\" height=\"450\" src=\"https:\/\/miamind.com\/wp-content\/uploads\/2025\/06\/step-5-complete-therapy-0-0-0-0-1726735240-1024x576.png\" class=\"attachment-large size-large wp-image-1233\" alt=\"\" \/>\t\t\t\t\t\t\t\t\t\t\t\t\t\t\t<\/div>\n\t\t\t\t<\/div>\n\t\t\t\t<div class=\"elementor-element elementor-element-02d4770 elementor-widget elementor-widget-heading\" data-id=\"02d4770\" data-element_type=\"widget\" data-e-type=\"widget\" data-widget_type=\"heading.default\">\n\t\t\t\t<div class=\"elementor-widget-container\">\n\t\t\t\t\t<h2 class=\"elementor-heading-title elementor-size-default\">Step 5 - complete therapy<\/h2>\t\t\t\t<\/div>\n\t\t\t\t<\/div>\n\t\t\t\t<\/div>\n\t\t\t\t\t<\/div>\n\t\t\t\t<\/div>\n\t\t\t\t\t\t\t\t<\/div>\n\t\t\t\t\t\t\t\t\t\t\t<div class=\"swiper-slide\" data-slide=\"4\" role=\"group\" aria-roledescription=\"slide\" aria-label=\"4 von 6\">\n\t\t\t\t\t\t\t<div class=\"elementor-element elementor-element-a122f48 e-flex e-con-boxed e-con e-child\" data-id=\"a122f48\" data-element_type=\"container\" data-e-type=\"container\">\n\t\t\t\t\t<div class=\"e-con-inner\">\n\t\t<div class=\"elementor-element elementor-element-95ba35f e-con-full e-flex e-con e-child\" data-id=\"95ba35f\" data-element_type=\"container\" data-e-type=\"container\">\n\t\t\t\t<div class=\"elementor-element elementor-element-5bca0cd elementor-widget elementor-widget-image\" data-id=\"5bca0cd\" data-element_type=\"widget\" data-e-type=\"widget\" data-widget_type=\"image.default\">\n\t\t\t\t<div class=\"elementor-widget-container\">\n\t\t\t\t\t\t\t\t\t\t\t\t\t\t\t<img loading=\"lazy\" decoding=\"async\" width=\"800\" height=\"450\" src=\"https:\/\/miamind.com\/wp-content\/uploads\/2025\/06\/step-6-cleaning-0-0-0-0-1726734592-1024x576.png\" class=\"attachment-large size-large wp-image-1239\" alt=\"\" \/>\t\t\t\t\t\t\t\t\t\t\t\t\t\t\t<\/div>\n\t\t\t\t<\/div>\n\t\t\t\t<div class=\"elementor-element elementor-element-343b0bf elementor-widget elementor-widget-heading\" data-id=\"343b0bf\" data-element_type=\"widget\" data-e-type=\"widget\" data-widget_type=\"heading.default\">\n\t\t\t\t<div class=\"elementor-widget-container\">\n\t\t\t\t\t<h2 class=\"elementor-heading-title elementor-size-default\">Step 6 - cleaning<\/h2>\t\t\t\t<\/div>\n\t\t\t\t<\/div>\n\t\t\t\t<\/div>\n\t\t\t\t\t<\/div>\n\t\t\t\t<\/div>\n\t\t\t\t\t\t\t\t<\/div>\n\t\t\t\t\t\t\t\t\t\t\t<div class=\"swiper-slide\" data-slide=\"5\" role=\"group\" aria-roledescription=\"slide\" aria-label=\"5 von 6\">\n\t\t\t\t\t\t\t<div class=\"elementor-element elementor-element-17dfad4 e-flex e-con-boxed e-con e-child\" data-id=\"17dfad4\" data-element_type=\"container\" data-e-type=\"container\">\n\t\t\t\t\t<div class=\"e-con-inner\">\n\t\t<div class=\"elementor-element elementor-element-ce4c7a7 e-con-full e-flex e-con e-child\" data-id=\"ce4c7a7\" data-element_type=\"container\" data-e-type=\"container\">\n\t\t\t\t<div class=\"elementor-element elementor-element-aae5f8e elementor-widget elementor-widget-image\" data-id=\"aae5f8e\" data-element_type=\"widget\" data-e-type=\"widget\" data-widget_type=\"image.default\">\n\t\t\t\t<div class=\"elementor-widget-container\">\n\t\t\t\t\t\t\t\t\t\t\t\t\t\t\t<img loading=\"lazy\" decoding=\"async\" width=\"800\" height=\"450\" src=\"https:\/\/miamind.com\/wp-content\/uploads\/2025\/06\/step-7-storage-0-0-0-0-1726734932-1024x576.png\" class=\"attachment-large size-large wp-image-1241\" alt=\"\" \/>\t\t\t\t\t\t\t\t\t\t\t\t\t\t\t<\/div>\n\t\t\t\t<\/div>\n\t\t\t\t<div class=\"elementor-element elementor-element-9782b7e elementor-widget elementor-widget-heading\" data-id=\"9782b7e\" data-element_type=\"widget\" data-e-type=\"widget\" data-widget_type=\"heading.default\">\n\t\t\t\t<div class=\"elementor-widget-container\">\n\t\t\t\t\t<h2 class=\"elementor-heading-title elementor-size-default\">Step 7 - storage<\/h2>\t\t\t\t<\/div>\n\t\t\t\t<\/div>\n\t\t\t\t<\/div>\n\t\t\t\t\t<\/div>\n\t\t\t\t<\/div>\n\t\t\t\t\t\t\t\t<\/div>\n\t\t\t\t\t\t\t\t\t\t\t<div class=\"swiper-slide\" data-slide=\"6\" role=\"group\" aria-roledescription=\"slide\" aria-label=\"6 von 6\">\n\t\t\t\t\t\t\t<div class=\"elementor-element elementor-element-e800765 e-flex e-con-boxed e-con e-child\" data-id=\"e800765\" data-element_type=\"container\" data-e-type=\"container\">\n\t\t\t\t\t<div class=\"e-con-inner\">\n\t\t<div class=\"elementor-element elementor-element-5d57667 e-con-full e-flex e-con e-child\" data-id=\"5d57667\" data-element_type=\"container\" data-e-type=\"container\">\n\t\t\t\t<div class=\"elementor-element elementor-element-2e7ee73 elementor-widget elementor-widget-image\" data-id=\"2e7ee73\" data-element_type=\"widget\" data-e-type=\"widget\" data-widget_type=\"image.default\">\n\t\t\t\t<div class=\"elementor-widget-container\">\n\t\t\t\t\t\t\t\t\t\t\t\t\t\t\t\t<a href=\"https:\/\/miamind.com\/de\/step-7-storage\/\">\n\t\t\t\t\t\t\t<img loading=\"lazy\" decoding=\"async\" width=\"800\" height=\"500\" src=\"https:\/\/miamind.com\/wp-content\/uploads\/2025\/07\/img_663ac14926505b6e3acfdbfb5c609fe3.png\" class=\"attachment-large size-large wp-image-1558\" alt=\"\" \/>\t\t\t\t\t\t\t\t<\/a>\n\t\t\t\t\t\t\t\t\t\t\t\t\t\t\t<\/div>\n\t\t\t\t<\/div>\n\t\t\t\t<div class=\"elementor-element elementor-element-10b0dac elementor-widget elementor-widget-heading\" data-id=\"10b0dac\" data-element_type=\"widget\" data-e-type=\"widget\" data-widget_type=\"heading.default\">\n\t\t\t\t<div class=\"elementor-widget-container\">\n\t\t\t\t\t<h2 class=\"elementor-heading-title elementor-size-default\">Step 7 - storage<\/h2>\t\t\t\t<\/div>\n\t\t\t\t<\/div>\n\t\t\t\t<\/div>\n\t\t\t\t\t<\/div>\n\t\t\t\t<\/div>\n\t\t\t\t\t\t\t\t<\/div>\n\t\t\t\t\t\t\t\t<\/div>\n\t\t<\/div>\n\t\t\t\t\t\t<\/div>\n\t\t\t\t<\/div>\n\t\t\t\t<\/div>\n\t\t\t\t\t<\/div>\n\t\t\t\t<\/div>\n\t\t\t\t<\/div>\n\t\t","protected":false},"excerpt":{"rendered":"<p>Back to all videos Schritt 3 &#8211; Gel auftragen Your browser does not support the video tag. Die Spritze mit Gel f\u00fcllen 00:00 &#8211; 00:29 Gel auftragen 00:29 &#8211; 00:52 Video Beschreibung In diesem Video zeigen wir, wie das leitf\u00e4hige Gel aufgetragen wird. Vorheriges Video N\u00e4chstes Video Related Tutorials Step 2 &#8211; put on the [&hellip;]<\/p>\n","protected":false},"author":1,"featured_media":0,"parent":0,"menu_order":0,"comment_status":"closed","ping_status":"closed","template":"","meta":{"footnotes":""},"class_list":["post-2344","page","type-page","status-publish","hentry"],"_links":{"self":[{"href":"https:\/\/miamind.com\/de\/wp-json\/wp\/v2\/pages\/2344","targetHints":{"allow":["GET"]}}],"collection":[{"href":"https:\/\/miamind.com\/de\/wp-json\/wp\/v2\/pages"}],"about":[{"href":"https:\/\/miamind.com\/de\/wp-json\/wp\/v2\/types\/page"}],"author":[{"embeddable":true,"href":"https:\/\/miamind.com\/de\/wp-json\/wp\/v2\/users\/1"}],"replies":[{"embeddable":true,"href":"https:\/\/miamind.com\/de\/wp-json\/wp\/v2\/comments?post=2344"}],"version-history":[{"count":0,"href":"https:\/\/miamind.com\/de\/wp-json\/wp\/v2\/pages\/2344\/revisions"}],"wp:attachment":[{"href":"https:\/\/miamind.com\/de\/wp-json\/wp\/v2\/media?parent=2344"}],"curies":[{"name":"wp","href":"https:\/\/api.w.org\/{rel}","templated":true}]}}